{"id":2500,"date":"2025-12-01T16:51:55","date_gmt":"2025-12-01T15:51:55","guid":{"rendered":"https:\/\/conferencedesthe-gsj6g0qffv.live-website.com\/?post_type=product&#038;p=2500"},"modified":"2026-01-27T07:17:15","modified_gmt":"2026-01-27T06:17:15","slug":"the-jaune","status":"publish","type":"product","link":"https:\/\/laconferencedesthes.com\/en\/the-jaune\/","title":{"rendered":"yellow tea"},"content":{"rendered":"","protected":false},"excerpt":{"rendered":"<p>NOTRE TH\u00c9 JAUNE EST ISSU DE NOS PARCELLES DU VERGER ET DE LA BRISE DE GU\u00c9THARY. TEL UN TH\u00c9 VERT, NOUS CUEILLONS LE BOURGEON ET LA PREMI\u00c8RE FEUILLE ET BLOQUONS L\u2019OXYDATION AU WOK. PUIS VIENT UNE SUCCESSION DE ROULAGE ET DE FERMENTATION DONT LA FR\u00c9QUENCE ET LA DUR\u00c9E D\u00c9PENDENT DE NOTRE RESSENTI. C&rsquo;EST UN TH\u00c9 VERT FERMENT\u00c9.<\/p>\n<p>WEIGHT : 20g<\/p>\n<p>FREE DELIVERY IN FRANCE FROM 50 EUROS AND FROM 85 EUROS IN EU.<\/p>","protected":false},"featured_media":2694,"template":"","meta":[],"product_brand":[],"product_cat":[57],"product_tag":[],"class_list":{"0":"post-2500","1":"product","2":"type-product","3":"status-publish","4":"has-post-thumbnail","6":"product_cat-terre-dici","8":"first","9":"outofstock","10":"shipping-taxable","11":"purchasable","12":"product-type-simple"},"_links":{"self":[{"href":"https:\/\/laconferencedesthes.com\/en\/wp-json\/wp\/v2\/product\/2500","targetHints":{"allow":["GET"]}}],"collection":[{"href":"https:\/\/laconferencedesthes.com\/en\/wp-json\/wp\/v2\/product"}],"about":[{"href":"https:\/\/laconferencedesthes.com\/en\/wp-json\/wp\/v2\/types\/product"}],"wp:featuredmedia":[{"embeddable":true,"href":"https:\/\/laconferencedesthes.com\/en\/wp-json\/wp\/v2\/media\/2694"}],"wp:attachment":[{"href":"https:\/\/laconferencedesthes.com\/en\/wp-json\/wp\/v2\/media?parent=2500"}],"wp:term":[{"taxonomy":"product_brand","embeddable":true,"href":"https:\/\/laconferencedesthes.com\/en\/wp-json\/wp\/v2\/product_brand?post=2500"},{"taxonomy":"product_cat","embeddable":true,"href":"https:\/\/laconferencedesthes.com\/en\/wp-json\/wp\/v2\/product_cat?post=2500"},{"taxonomy":"product_tag","embeddable":true,"href":"https:\/\/laconferencedesthes.com\/en\/wp-json\/wp\/v2\/product_tag?post=2500"}],"curies":[{"name":"wp","href":"https:\/\/api.w.org\/{rel}","templated":true}]}}