{"id":1596,"date":"2025-08-21T10:53:21","date_gmt":"2025-08-21T08:53:21","guid":{"rendered":"https:\/\/conferencedesthe-gsj6g0qffv.live-website.com\/?post_type=product&#038;p=1596"},"modified":"2026-01-20T07:59:20","modified_gmt":"2026-01-20T06:59:20","slug":"the-vert","status":"publish","type":"product","link":"https:\/\/laconferencedesthes.com\/en\/the-vert\/","title":{"rendered":"green tea"},"content":{"rendered":"","protected":false},"excerpt":{"rendered":"<p>TH\u00c9 VERT DE LA PARCELLE DU VERGER. CES TH\u00c9IERS PROVIENNENT DE GRAINES N\u00c9PALAISE. C\u2019EST UN TH\u00c9 O\u00d9 S\u2019EXPRIMENT L\u2019AIR IOD\u00c9 ET MENTHOL\u00c9, AVEC DES AR\u00d4MES DE PLANTES AROMATIQUES ET DE CHAIR DE CH\u00c2TAIGNE. L\u2019OXYDATION DES FEUILLES EST STOPP\u00c9E AU WOK PUIS VIENT LE ROULAGE.<br \/>\nCETTE ALTERNANCE WOK-ROULAGE EST R\u00c9P\u00c9T\u00c9E TROIS FOIS. TOUT EST FAIT \u00c0 LA MAIN.<\/p>\n<p>WEIGHT : 20g<\/p>\n<p> FREE DELIVERY IN FRANCE FROM 50 EUROS AND FROM 85 EUROS IN EU.<\/p>","protected":false},"featured_media":2698,"template":"","meta":[],"product_brand":[],"product_cat":[57],"product_tag":[],"class_list":{"0":"post-1596","1":"product","2":"type-product","3":"status-publish","4":"has-post-thumbnail","6":"product_cat-terre-dici","8":"first","9":"instock","10":"shipping-taxable","11":"purchasable","12":"product-type-simple"},"_links":{"self":[{"href":"https:\/\/laconferencedesthes.com\/en\/wp-json\/wp\/v2\/product\/1596","targetHints":{"allow":["GET"]}}],"collection":[{"href":"https:\/\/laconferencedesthes.com\/en\/wp-json\/wp\/v2\/product"}],"about":[{"href":"https:\/\/laconferencedesthes.com\/en\/wp-json\/wp\/v2\/types\/product"}],"wp:featuredmedia":[{"embeddable":true,"href":"https:\/\/laconferencedesthes.com\/en\/wp-json\/wp\/v2\/media\/2698"}],"wp:attachment":[{"href":"https:\/\/laconferencedesthes.com\/en\/wp-json\/wp\/v2\/media?parent=1596"}],"wp:term":[{"taxonomy":"product_brand","embeddable":true,"href":"https:\/\/laconferencedesthes.com\/en\/wp-json\/wp\/v2\/product_brand?post=1596"},{"taxonomy":"product_cat","embeddable":true,"href":"https:\/\/laconferencedesthes.com\/en\/wp-json\/wp\/v2\/product_cat?post=1596"},{"taxonomy":"product_tag","embeddable":true,"href":"https:\/\/laconferencedesthes.com\/en\/wp-json\/wp\/v2\/product_tag?post=1596"}],"curies":[{"name":"wp","href":"https:\/\/api.w.org\/{rel}","templated":true}]}}