{"id":3256,"date":"2025-12-26T10:29:12","date_gmt":"2025-12-26T09:29:12","guid":{"rendered":"https:\/\/conferencedesthe-gsj6g0qffv.live-website.com\/?page_id=3256"},"modified":"2026-01-20T08:21:38","modified_gmt":"2026-01-20T07:21:38","slug":"mentions-legales-et-vie-privee","status":"publish","type":"page","link":"https:\/\/laconferencedesthes.com\/en\/mentions-legales-et-vie-privee\/","title":{"rendered":"mentions l\u00e9gales &#038; vie priv\u00e9e"},"content":{"rendered":"<p><div class=\"fusion-fullwidth fullwidth-box fusion-builder-row-1 fusion-flex-container has-pattern-background has-mask-background hundred-percent-fullwidth non-hundred-percent-height-scrolling fusion-no-small-visibility\" style=\"--awb-border-radius-top-left:0px;--awb-border-radius-top-right:0px;--awb-border-radius-bottom-right:0px;--awb-border-radius-bottom-left:0px;--awb-margin-top:-5%;--awb-flex-wrap:wrap;\" ><div class=\"fusion-builder-row fusion-row fusion-flex-align-items-flex-start fusion-flex-content-wrap\" style=\"width:104% !important;max-width:104% !important;margin-left: calc(-4% \/ 2 );margin-right: calc(-4% \/ 2 );\"><div class=\"fusion-layout-column fusion_builder_column fusion-builder-column-0 fusion_builder_column_1_1 1_1 fusion-flex-column\" style=\"--awb-bg-size:cover;--awb-width-large:100%;--awb-margin-top-large:0px;--awb-spacing-right-large:1.92%;--awb-margin-bottom-large:20px;--awb-spacing-left-large:1.92%;--awb-width-medium:100%;--awb-order-medium:0;--awb-spacing-right-medium:1.92%;--awb-spacing-left-medium:1.92%;--awb-width-small:100%;--awb-order-small:0;--awb-spacing-right-small:1.92%;--awb-spacing-left-small:1.92%;\"><div class=\"fusion-column-wrapper fusion-column-has-shadow fusion-flex-justify-content-flex-start fusion-content-layout-column\"><div class=\"fusion-title title fusion-title-1 fusion-sep-none fusion-title-text fusion-title-size-one\" style=\"--awb-margin-bottom:40px;--awb-font-size:90px;\"><h1 class=\"fusion-title-heading title-heading-left translation-block\" style=\"margin:0;font-size:1em;line-height:0.8;\">legal notice<\/h1><\/div><div class=\"fusion-title title fusion-title-2 fusion-sep-none fusion-title-text fusion-title-size-three\" style=\"--awb-font-size:50px;\"><h3 class=\"fusion-title-heading title-heading-left\" style=\"margin:0;font-size:1em;\">editorial information<\/h3><\/div><div class=\"fusion-text fusion-text-1\" style=\"--awb-font-size:25px;--awb-line-height:1;\"><p class=\"translation-block\">LA CONF\u00c9RENCE DES TH\u00c9S<br>SOCI\u00c9T\u00c9 PAR ACTIONS SIMPLIFI\u00c9E<br>SIRET : 88336487900014<br>REGISTERED OFFICE : 163 RUE DE L\u2019UNIVERSIT\u00c9, 75007, PARIS<br>MARIANNE DAYON<br>MARIANNE@LACONFERENCEDESTHES.COM<\/p>\n<p class=\"translation-block\">PROVIDER: O2SWITCH<br> HOST ADDRESS: CHEMIN DES PARDIAUX, 63000, <br>CLERMONT-FERRAND, FRANCE<\/p>\n<\/div><div class=\"fusion-title title fusion-title-3 fusion-sep-none fusion-title-text fusion-title-size-three\" style=\"--awb-font-size:50px;\"><h3 class=\"fusion-title-heading title-heading-left\" style=\"margin:0;font-size:1em;\">intellectual property<\/h3><\/div><div class=\"fusion-text fusion-text-2\" style=\"--awb-font-size:25px;--awb-line-height:1;\"><p class=\"translation-block\">ALL ELEMENTS PRESENT ON THIS SITE (TEXTS,<br> IMAGES, GRAPHICS, LOGOS, VIDEOS, STRUCTURE, ETC.)<br> ARE PROTECTED BY COPYRIGHT AND\/OR INTELLECTUAL<br> PROPERTY RIGHTS. ANY REPRODUCTION, REPRESENTATION,<br>MODIFICATION, PUBLICATION, OR ADAPTATION, WHETHER<br> TOTAL OR PARTIAL, OF THESE ELEMENTS, REGARDLESS OF<br> THE MEANS OR PROCESS USED, IS PROHIBITED WITHOUT<br> THE PRIOR WRITTEN PERMISSION OF THE EDITOR.<\/p>\n<\/div><div class=\"fusion-title title fusion-title-4 fusion-sep-none fusion-title-text fusion-title-size-one\" style=\"--awb-margin-top:50px;--awb-font-size:90px;\"><h1 class=\"fusion-title-heading title-heading-left\" style=\"margin:0;font-size:1em;line-height:0.8;\">privacy<br \/>&amp; data protection<\/h1><\/div><div class=\"fusion-title title fusion-title-5 fusion-sep-none fusion-title-text fusion-title-size-three\" style=\"--awb-font-size:50px;\"><h3 class=\"fusion-title-heading title-heading-left\" style=\"margin:0;font-size:1em;\">cookie management<\/h3><\/div><div class=\"fusion-text fusion-text-3\" style=\"--awb-font-size:25px;--awb-line-height:1;\"><p class=\"translation-block\">WE RESPECT YOUR PRIVACY. WE WON\u2019T USE ANY COOKIES<br> AND WON\u2019T TRACK YOUR BROWSING FOR STATISTICS OR<br> MARKETING PURPOSES.<\/p>\n<\/div><div class=\"fusion-title title fusion-title-6 fusion-sep-none fusion-title-text fusion-title-size-three\" style=\"--awb-font-size:50px;\"><h3 class=\"fusion-title-heading title-heading-left translation-block\" style=\"margin:0;font-size:1em;line-height:0.8;\">collected data <br>&amp; data usage<\/h3><\/div><div class=\"fusion-text fusion-text-4\" style=\"--awb-font-size:25px;--awb-line-height:1;\"><p class=\"translation-block\">WE ONLY COLLECT DATAS YOU WILL KNOWINGLY AND WILLINGLY<br> PROVIDE US IN ORDER TO RESPOND TO YOUR REQUESTS AND PROCESS<br> YOUR ORDERS.<\/p>\n<\/div><div class=\"fusion-title title fusion-title-7 fusion-sep-none fusion-title-text fusion-title-size-three\" style=\"--awb-font-size:50px;\"><h3 class=\"fusion-title-heading title-heading-left\" style=\"margin:0;font-size:1em;line-height:0.8;\">gdpr<\/h3><\/div><div class=\"fusion-text fusion-text-5\" style=\"--awb-font-size:25px;--awb-line-height:1;\"><p class=\"translation-block\">IN ACCORDANCE WITH REGULATIONS, YOU CAN, AT ANYTIME<br> MODIFY OR DELETE YOUR PERSONAL INFORMATION BY WRITTING US AT:<br> MARIANNE@LACONFERENCEDESTHES.COM\nYOUR PERSONAL<br>  INFORMATION WILLBE KEPT ONLY FOR THE  STRICT NECESSARY<br> TIME NEEDED TO MANAGE YOUR ORDERS.<\/p>\n<\/div><\/div><\/div><\/div><\/div><div class=\"fusion-fullwidth fullwidth-box fusion-builder-row-2 fusion-flex-container has-pattern-background has-mask-background nonhundred-percent-fullwidth non-hundred-percent-height-scrolling fusion-no-medium-visibility fusion-no-large-visibility\" style=\"--awb-border-radius-top-left:0px;--awb-border-radius-top-right:0px;--awb-border-radius-bottom-right:0px;--awb-border-radius-bottom-left:0px;--awb-flex-wrap:wrap;\" ><div class=\"fusion-builder-row fusion-row fusion-flex-align-items-flex-start fusion-flex-content-wrap\" style=\"max-width:1248px;margin-left: calc(-4% \/ 2 );margin-right: calc(-4% \/ 2 );\"><div class=\"fusion-layout-column fusion_builder_column fusion-builder-column-1 fusion_builder_column_1_1 1_1 fusion-flex-column\" style=\"--awb-bg-size:cover;--awb-width-large:100%;--awb-margin-top-large:0px;--awb-spacing-right-large:1.92%;--awb-margin-bottom-large:20px;--awb-spacing-left-large:1.92%;--awb-width-medium:100%;--awb-order-medium:0;--awb-spacing-right-medium:1.92%;--awb-spacing-left-medium:1.92%;--awb-width-small:100%;--awb-order-small:0;--awb-spacing-right-small:1.92%;--awb-spacing-left-small:1.92%;\"><div class=\"fusion-column-wrapper fusion-column-has-shadow fusion-flex-justify-content-flex-start fusion-content-layout-column\"><div class=\"fusion-title title fusion-title-8 fusion-sep-none fusion-title-text fusion-title-size-one\" style=\"--awb-font-size:65px;\"><h1 class=\"fusion-title-heading title-heading-left\" style=\"margin:0;font-size:1em;line-height:0.8;\">mentions<br \/><span style=\"font-size: 1em; background-color: rgba(0, 0, 0, 0);\">l\u00e9gales<\/span><\/h1><\/div><div class=\"fusion-title title fusion-title-9 fusion-sep-none fusion-title-text fusion-title-size-three\"><h3 class=\"fusion-title-heading title-heading-left\" style=\"margin:0;\">editorial information<\/h3><\/div><div class=\"fusion-text fusion-text-6\" style=\"--awb-font-size:20px;--awb-line-height:1;\"><p class=\"translation-block\">LA CONF\u00c9RENCE DES TH\u00c9S<br>SOCI\u00c9T\u00c9 PAR ACTIONS SIMPLIFI\u00c9E<br>SIRET : 88336487900014<br>REGISTERED OFFICE : 163 RUE DE L\u2019UNIVERSIT\u00c9, 75007, PARIS<br>MARIANNE DAYON<br>MARIANNE@LACONFERENCEDESTHES.COM<\/p>\n<p>NOM DE L&rsquo;H\u00c9BERGEUR : O2SWITCH<br \/>ADRESSE DE L&rsquo;H\u00c9BERGEUR :  CHEMIN DES PARDIAUX, 63000, CLERMONT-FERRAND<\/p>\n<\/div><div class=\"fusion-title title fusion-title-10 fusion-sep-none fusion-title-text fusion-title-size-three\"><h3 class=\"fusion-title-heading title-heading-left\" style=\"margin:0;\">intellectual property<\/h3><\/div><div class=\"fusion-text fusion-text-7\" style=\"--awb-font-size:20px;--awb-line-height:1;\"><p>L\u2019ENSEMBLE DES \u00c9L\u00c9MENTS PR\u00c9SENTS SUR CE SITE (TEXTES, IMAGES, GRAPHISMES,<br \/>LOGOS, VID\u00c9OS, STRUCTURE, ETC.) EST PROT\u00c9G\u00c9 PAR LE DROIT D\u2019AUTEUR ET\/OU<br \/>LES DROITS DE PROPRI\u00c9T\u00c9 INTELLECTUELLE. TOUTE REPRODUCTION, REPR\u00c9SENTATION,<br \/><span style=\"letter-spacing: 0.24px; background-color: rgba(0, 0, 0, 0);\">MODIFICATION, PUBLICATION, ADAPTATION, TOTALE OU PARTIELLE, DE CES \u00c9L\u00c9MENTS,<br \/>QUEL QUE SOIT LE MOYEN OU LE PROC\u00c9D\u00c9 UTILIS\u00c9, EST INTERDITE SANS AUTORISATION<br \/>\u00c9CRITE PR\u00c9ALABLE DE L\u2019\u00c9DITEUR.<\/span><\/p>\n<\/div><div class=\"fusion-title title fusion-title-11 fusion-sep-none fusion-title-text fusion-title-size-one\" style=\"--awb-margin-top:50px;--awb-font-size:65px;\"><h1 class=\"fusion-title-heading title-heading-left translation-block\" style=\"margin:0;font-size:1em;line-height:0.8;\">privacy<br>&amp; data<br>protection<\/h1><\/div><div class=\"fusion-title title fusion-title-12 fusion-sep-none fusion-title-text fusion-title-size-three\"><h3 class=\"fusion-title-heading title-heading-left\" style=\"margin:0;\">cookie management<\/h3><\/div><div class=\"fusion-text fusion-text-8\" style=\"--awb-font-size:20px;--awb-line-height:1;\"><p>NOUS ATTACHONS UNE IMPORTANCE PARTICULI\u00c8RE \u00c0 VOTRE VIE PRIV\u00c9E. C&rsquo;EST POURQUOI NOTRE SITE N&rsquo;UTILISE AUCUN COOKIE. NOUS N&rsquo;EFFECTUONS AUCUN TRA\u00c7AGE ET N\u2019EXPLOITONS PAS VOS DONN\u00c9ES DE NAVIGATION \u00c0 DES FINS STATISTIQUES OU MARKETING.<\/p>\n<\/div><div class=\"fusion-title title fusion-title-13 fusion-sep-none fusion-title-text fusion-title-size-three\"><h3 class=\"fusion-title-heading title-heading-left translation-block\" style=\"margin:0;line-height:0.8;\">collected data <br>&amp; data usage<\/h3><\/div><div class=\"fusion-text fusion-text-9\" style=\"--awb-font-size:20px;--awb-line-height:1;\"><p>NOUS NE COLLECTONS DES DONN\u00c9ES PERSONNELLES QUE LORSQUE VOUS NOUS LES TRANSMETTEZ VOLONTAIREMENT. LES DONN\u00c9ES TRANSMISES SONT UTILIS\u00c9ES UNIQUEMENT POUR : R\u00c9PONDRE \u00c0 VOS DEMANDE ET LE TRAITEMENT DE VOS COMMANDES.<\/p>\n<\/div><div class=\"fusion-title title fusion-title-14 fusion-sep-none fusion-title-text fusion-title-size-three\"><h3 class=\"fusion-title-heading title-heading-left\" style=\"margin:0;line-height:0.8;\">gdpr<\/h3><\/div><div class=\"fusion-text fusion-text-10\" style=\"--awb-font-size:20px;--awb-line-height:1;\"><p>CONFORM\u00c9MENT \u00c0 LA R\u00c9GLEMENTATION, VOUS DISPOSEZ D\u2019UN DROIT D\u2019ACC\u00c8S, DE RECTIFICATION ET DE SUPPRESSION DE VOS DONN\u00c9ES. POUR EXERCER CE DROIT, CONTACTEZ-NOUS \u00c0 : MARIANNE@LACONFERENCE<br \/>DESTHES.COM. VOS DONN\u00c9ES SONT CONSERV\u00c9ES POUR LA DUR\u00c9E STRICTEMENT N\u00c9CESSAIRE \u00c0 LA GESTION DE LA RELATION COMMERCIALE.<\/p>\n<\/div><\/div><\/div><\/div><\/div><\/p>","protected":false},"excerpt":{"rendered":"","protected":false},"author":1,"featured_media":0,"parent":0,"menu_order":0,"comment_status":"closed","ping_status":"closed","template":"100-width.php","meta":{"footnotes":""},"class_list":["post-3256","page","type-page","status-publish","hentry"],"_links":{"self":[{"href":"https:\/\/laconferencedesthes.com\/en\/wp-json\/wp\/v2\/pages\/3256","targetHints":{"allow":["GET"]}}],"collection":[{"href":"https:\/\/laconferencedesthes.com\/en\/wp-json\/wp\/v2\/pages"}],"about":[{"href":"https:\/\/laconferencedesthes.com\/en\/wp-json\/wp\/v2\/types\/page"}],"author":[{"embeddable":true,"href":"https:\/\/laconferencedesthes.com\/en\/wp-json\/wp\/v2\/users\/1"}],"replies":[{"embeddable":true,"href":"https:\/\/laconferencedesthes.com\/en\/wp-json\/wp\/v2\/comments?post=3256"}],"version-history":[{"count":38,"href":"https:\/\/laconferencedesthes.com\/en\/wp-json\/wp\/v2\/pages\/3256\/revisions"}],"predecessor-version":[{"id":4060,"href":"https:\/\/laconferencedesthes.com\/en\/wp-json\/wp\/v2\/pages\/3256\/revisions\/4060"}],"wp:attachment":[{"href":"https:\/\/laconferencedesthes.com\/en\/wp-json\/wp\/v2\/media?parent=3256"}],"curies":[{"name":"wp","href":"https:\/\/api.w.org\/{rel}","templated":true}]}}